{"id":38,"date":"2024-11-04T16:25:31","date_gmt":"2024-11-04T16:25:31","guid":{"rendered":"https:\/\/themexriver.com\/wp\/pixify\/?page_id=38"},"modified":"2026-03-23T17:49:06","modified_gmt":"2026-03-23T16:49:06","slug":"about","status":"publish","type":"page","link":"https:\/\/magnetiqprofile.com\/de\/about\/","title":{"rendered":"\u00dcber uns"},"content":{"rendered":"<div data-elementor-type=\"wp-page\" data-elementor-id=\"38\" class=\"elementor elementor-38\" data-elementor-post-type=\"page\">\n\t\t\t\t\t\t<section class=\"elementor-section elementor-top-section elementor-element elementor-element-92ac0da elementor-section-full_width elementor-section-height-default elementor-section-height-default\" data-id=\"92ac0da\" data-element_type=\"section\" data-settings=\"{&quot;background_background&quot;:&quot;classic&quot;}\">\n\t\t\t\t\t\t<div class=\"elementor-container elementor-column-gap-default\">\n\t\t\t\t\t<div class=\"elementor-column elementor-col-100 elementor-top-column elementor-element elementor-element-6d87555\" data-id=\"6d87555\" data-element_type=\"column\">\n\t\t\t<div class=\"elementor-widget-wrap elementor-element-populated\">\n\t\t\t\t\t\t<section class=\"elementor-section elementor-inner-section elementor-element elementor-element-333e35a elementor-section-boxed elementor-section-height-default elementor-section-height-default\" data-id=\"333e35a\" data-element_type=\"section\">\n\t\t\t\t\t\t<div class=\"elementor-container elementor-column-gap-default\">\n\t\t\t\t\t<div class=\"elementor-column elementor-col-100 elementor-inner-column elementor-element elementor-element-1c3b668\" data-id=\"1c3b668\" data-element_type=\"column\">\n\t\t\t<div class=\"elementor-widget-wrap elementor-element-populated\">\n\t\t\t\t\t\t<div class=\"elementor-element elementor-element-e30e695 w-100 elementor-widget elementor-widget-image\" data-id=\"e30e695\" data-element_type=\"widget\" data-widget_type=\"image.default\">\n\t\t\t\t\t\t\t\t\t\t\t\t\t\t\t<img fetchpriority=\"high\" decoding=\"async\" width=\"1024\" height=\"550\" src=\"https:\/\/magnetiqprofile.com\/wp-content\/uploads\/2025\/10\/about-bg.jpg\" class=\"attachment-full size-full wp-image-7088\" alt=\"\" srcset=\"https:\/\/magnetiqprofile.com\/wp-content\/uploads\/2025\/10\/about-bg.jpg 1024w, https:\/\/magnetiqprofile.com\/wp-content\/uploads\/2025\/10\/about-bg-300x161.jpg 300w, https:\/\/magnetiqprofile.com\/wp-content\/uploads\/2025\/10\/about-bg-768x413.jpg 768w, https:\/\/magnetiqprofile.com\/wp-content\/uploads\/2025\/10\/about-bg-600x322.jpg 600w\" sizes=\"(max-width: 1024px) 100vw, 1024px\" \/>\t\t\t\t\t\t\t\t\t\t\t\t\t\t\t<\/div>\n\t\t\t\t\t<\/div>\n\t\t<\/div>\n\t\t\t\t\t<\/div>\n\t\t<\/section>\n\t\t\t\t<section class=\"elementor-section elementor-inner-section elementor-element elementor-element-0cc70fa elementor-section-boxed elementor-section-height-default elementor-section-height-default\" data-id=\"0cc70fa\" data-element_type=\"section\">\n\t\t\t\t\t\t<div class=\"elementor-container elementor-column-gap-custom\">\n\t\t\t\t\t<div class=\"elementor-column elementor-col-50 elementor-inner-column elementor-element elementor-element-6347187\" data-id=\"6347187\" data-element_type=\"column\">\n\t\t\t<div class=\"elementor-widget-wrap elementor-element-populated\">\n\t\t\t\t\t\t<div class=\"elementor-element elementor-element-c3e79c9 about-cards elementor-widget elementor-widget-tx_info_box elh-el tx_info_box\" data-id=\"c3e79c9\" data-element_type=\"widget\" data-settings=\"{&quot;design_style&quot;:&quot;style_4&quot;}\" data-widget_type=\"tx_info_box.default\">\n\t\t\t\t<div class=\"elementor-widget-container\">\n\t\t\t\t\t<div class=\"pf-story-1-card-single tx-serviceBox flex-column-reverse wow fadeInUp\">\r\n    <div class=\"content\">\r\n                <h4 class=\"card-titile pf-h-5 tx-title\">\r\n            <a href=\"https:\/\/magnetiqprofile.com\/de\/our-services\/\"\r\n            target=\"_self\"\r\n            rel= \"\">\r\n                Ein besseres Profil bedeutet bessere Matches. So einfach.            <\/a>\r\n        <\/h4>\r\n        \r\n                <p class=\"card-disc pf-p-6 tx-description\">\nModernes Dating ist verwirrend, hart umk\u00e4mpft und oft frustrierend. Die meisten M\u00e4nner wissen nicht, worauf Frauen wirklich achten oder wie sie sich selbst selbstbewusst und nat\u00fcrlich pr\u00e4sentieren k\u00f6nnen. Genau da komme ich ins Spiel.\n\nMagnetiqProfile wurde gegr\u00fcndet, um M\u00e4nnern ehrliche, professionelle Unterst\u00fctzung bei ihren Datingprofilen, Fotos und Nachrichten zu geben. Keine peinlichen Spr\u00fcche. Keine falschen Versprechen. Nur Klarheit, Strategie und ein echtes Verst\u00e4ndnis daf\u00fcr, was online Aufmerksamkeit erzeugt.<\/p>\r\n            <\/div>\r\n\r\n        <div class=\"card-img fix wa-img-cover\">\r\n        <img decoding=\"async\" src=\"https:\/\/magnetiqprofile.com\/wp-content\/uploads\/2025\/09\/about111.png\"\r\n    alt=\"about111\" \/>\r\n    <\/div>\r\n    <\/div>\t\t\t\t<\/div>\n\t\t\t\t<\/div>\n\t\t\t\t\t<\/div>\n\t\t<\/div>\n\t\t\t\t<div class=\"elementor-column elementor-col-50 elementor-inner-column elementor-element elementor-element-cd5ef7f\" data-id=\"cd5ef7f\" data-element_type=\"column\">\n\t\t\t<div class=\"elementor-widget-wrap elementor-element-populated\">\n\t\t\t\t\t\t<div class=\"elementor-element elementor-element-8373a3a elementor-widget elementor-widget-tx_info_box elh-el tx_info_box\" data-id=\"8373a3a\" data-element_type=\"widget\" data-settings=\"{&quot;design_style&quot;:&quot;style_4&quot;}\" data-widget_type=\"tx_info_box.default\">\n\t\t\t\t<div class=\"elementor-widget-container\">\n\t\t\t\t\t<div class=\"pf-story-1-card-single tx-serviceBox flex-column-reverse wow fadeInUp\">\r\n    <div class=\"content\">\r\n                <h4 class=\"card-titile pf-h-5 tx-title\">\r\n            <a href=\"https:\/\/magnetiqprofile.com\/de\/our-services\/\"\r\n            target=\"_self\"\r\n            rel= \"\">\r\n                Was du bei mir bekommst            <\/a>\r\n        <\/h4>\r\n        \r\n                <p class=\"card-disc pf-p-6 tx-description\">Du bekommst nicht einfach nur einen Profilschreiber \u2014 du arbeitest mit jemandem, der Online-Dating wirklich von innen versteht. Ich verbinde digitales Marketing, Psychologie und echte Dating-Erfahrung, um dir zu helfen, die selbstbewussteste und attraktivste Version von dir zu zeigen.\n\nKlar, ehrlich und auf deine Ziele zugeschnitten.<\/p>\r\n            <\/div>\r\n\r\n        <div class=\"card-img fix wa-img-cover\">\r\n        <img decoding=\"async\" src=\"https:\/\/magnetiqprofile.com\/wp-content\/uploads\/2025\/09\/aaaaaaaaa.png\"\r\n    alt=\"aaaaaaaaa\" \/>\r\n    <\/div>\r\n    <\/div>\t\t\t\t<\/div>\n\t\t\t\t<\/div>\n\t\t\t\t\t<\/div>\n\t\t<\/div>\n\t\t\t\t\t<\/div>\n\t\t<\/section>\n\t\t\t\t<section class=\"elementor-section elementor-inner-section elementor-element elementor-element-a58b8bb elementor-section-boxed elementor-section-height-default elementor-section-height-default\" data-id=\"a58b8bb\" data-element_type=\"section\">\n\t\t\t\t\t\t<div class=\"elementor-container elementor-column-gap-custom\">\n\t\t\t\t\t<div class=\"elementor-column elementor-col-50 elementor-inner-column elementor-element elementor-element-b4900a0\" data-id=\"b4900a0\" data-element_type=\"column\">\n\t\t\t<div class=\"elementor-widget-wrap elementor-element-populated\">\n\t\t\t\t\t\t<div class=\"elementor-element elementor-element-5378b88 about-cards elementor-widget elementor-widget-tx_info_box elh-el tx_info_box\" data-id=\"5378b88\" data-element_type=\"widget\" data-settings=\"{&quot;design_style&quot;:&quot;style_4&quot;}\" data-widget_type=\"tx_info_box.default\">\n\t\t\t\t<div class=\"elementor-widget-container\">\n\t\t\t\t\t<div class=\"pf-story-1-card-single tx-serviceBox flex-column-reverse wow fadeInUp\">\r\n    <div class=\"content\">\r\n                <h4 class=\"card-titile pf-h-5 tx-title\">\r\n            <a href=\"https:\/\/magnetiqprofile.com\/de\/our-services\/\"\r\n            target=\"_self\"\r\n            rel= \"\">\r\n                Mein Ansatz            <\/a>\r\n        <\/h4>\r\n        \r\n                <p class=\"card-disc pf-p-6 tx-description\">\nJeder Mann ist anders \u2014 und dein Profil sollte sich nach dir anf\u00fchlen, nicht wie eine Vorlage. Ich setze auf Authentizit\u00e4t, starke Kommunikation und kluge Positionierung, damit dein Profil Menschen anzieht, die wirklich zu deiner Energie und deinen Werten passen.\n\nMagnetiqProfile wurde geschaffen, um M\u00e4nnern echte, ehrliche Expertenhilfe zu geben. Keine leeren Versprechen \u2014 sondern Strategie und ein klares Verst\u00e4ndnis daf\u00fcr, was online wirkt.<\/p>\r\n            <\/div>\r\n\r\n        <div class=\"card-img fix wa-img-cover\">\r\n        <img decoding=\"async\" src=\"https:\/\/magnetiqprofile.com\/wp-content\/uploads\/2025\/10\/Standout-Dating-Profiles.jpg\"\r\n    alt=\"Standout-Dating-Profile\" \/>\r\n    <\/div>\r\n    <\/div>\t\t\t\t<\/div>\n\t\t\t\t<\/div>\n\t\t\t\t\t<\/div>\n\t\t<\/div>\n\t\t\t\t<div class=\"elementor-column elementor-col-50 elementor-inner-column elementor-element elementor-element-a7991b6\" data-id=\"a7991b6\" data-element_type=\"column\">\n\t\t\t<div class=\"elementor-widget-wrap\">\n\t\t\t\t\t\t\t<\/div>\n\t\t<\/div>\n\t\t\t\t\t<\/div>\n\t\t<\/section>\n\t\t\t\t\t<\/div>\n\t\t<\/div>\n\t\t\t\t\t<\/div>\n\t\t<\/section>\n\t\t<div class=\"elementor-element elementor-element-f7c9ffa e-flex e-con-boxed e-con e-parent\" data-id=\"f7c9ffa\" data-element_type=\"container\">\n\t\t\t\t\t<div class=\"e-con-inner\">\n\t\t\t\t<div class=\"elementor-element elementor-element-2ac08d2 elementor-widget elementor-widget-heading\" data-id=\"2ac08d2\" data-element_type=\"widget\" data-widget_type=\"heading.default\">\n\t\t\t\t\t<h2 class=\"elementor-heading-title elementor-size-default\">Warum ich das mache<\/h2>\t\t\t\t<\/div>\n\t\t\t\t<div class=\"elementor-element elementor-element-40fbcec elementor-widget elementor-widget-text-editor\" data-id=\"40fbcec\" data-element_type=\"widget\" data-widget_type=\"text-editor.default\">\n\t\t\t\t\t\t\t\t\tIn den letzten acht Jahren habe ich online gelebt und gearbeitet \u2014 geschrieben, digitales Verhalten studiert und verstanden, was Aufmerksamkeit wirklich fesselt. Ich habe als Ghostwriter angefangen (ja, sogar Liebesgeschichten), meinen Masterabschluss in Management mit Schwerpunkt E-Business und digitales Marketing gemacht und unz\u00e4hlige Stunden analysiert, wie Menschen sich online pr\u00e4sentieren.\t\t\t\t\t\t\t\t<\/div>\n\t\t\t\t<div class=\"elementor-element elementor-element-f389bb3 elementor-widget elementor-widget-text-editor\" data-id=\"f389bb3\" data-element_type=\"widget\" data-widget_type=\"text-editor.default\">\n\t\t\t\t\t\t\t\t\tIch habe meinen Partner \u00fcbrigens online kennengelernt.\n<br>\nUnd ehrlich gesagt: Sein Profil zeigte nicht einmal die H\u00e4lfte von dem intelligenten, ehrgeizigen, warmherzigen Mann, der er wirklich ist. Das ist mir im Kopf geblieben.\t\t\t\t\t\t\t\t<\/div>\n\t\t\t\t<div class=\"elementor-element elementor-element-c0d9cc5 elementor-widget elementor-widget-text-editor\" data-id=\"c0d9cc5\" data-element_type=\"widget\" data-widget_type=\"text-editor.default\">\n\t\t\t\t\t\t\t\t\tEs hat mir etwas Wichtiges gezeigt:\n<br>\nDie meisten M\u00e4nner scheitern nicht am Dating \u2014 sie zeigen einfach nicht, wer sie wirklich sind.\t\t\t\t\t\t\t\t<\/div>\n\t\t\t\t<div class=\"elementor-element elementor-element-3a5ada5 elementor-widget elementor-widget-text-editor\" data-id=\"3a5ada5\" data-element_type=\"widget\" data-widget_type=\"text-editor.default\">\n\t\t\t\t\t\t\t\t\t\u00dcber die Jahre habe ich Online-Psychologie studiert, Anziehungsmuster analysiert und verstanden, was ein Profil sofort hervorstechen l\u00e4sst \u2014 und was direkt zum Swipe nach links f\u00fchrt. Ich wei\u00df, was in Sekunden Aufmerksamkeit erzeugt und was Menschen leise abschreckt.\t\t\t\t\t\t\t\t<\/div>\n\t\t\t\t<div class=\"elementor-element elementor-element-f760aed elementor-widget elementor-widget-text-editor\" data-id=\"f760aed\" data-element_type=\"widget\" data-widget_type=\"text-editor.default\">\n\t\t\t\t\t\t\t\t\tHeute kombiniere ich alles, was ich gelernt habe: digitales Marketing, Schreiben, Psychologie und eigene Erfahrung \u2014 um M\u00e4nnern zu helfen, sich klar, selbstbewusst und authentisch zu pr\u00e4sentieren.\t\t\t\t\t\t\t\t<\/div>\n\t\t\t\t<div class=\"elementor-element elementor-element-49ad750 elementor-widget elementor-widget-text-editor\" data-id=\"49ad750\" data-element_type=\"widget\" data-widget_type=\"text-editor.default\">\n\t\t\t\t\t\t\t\t\tMeine Aufgabe ist simpel:\n<br>\nDir zu helfen, deinen echten Wert zu zeigen, deine besten Seiten hervorzuheben und Online-Dating leichter, entspannter und erfolgreicher zu machen.\t\t\t\t\t\t\t\t<\/div>\n\t\t\t\t<div class=\"elementor-element elementor-element-ec1c40d elementor-widget elementor-widget-text-editor\" data-id=\"ec1c40d\" data-element_type=\"widget\" data-widget_type=\"text-editor.default\">\n\t\t\t\t\t\t\t\t\tDu hast bereits die Pers\u00f6nlichkeit, die Geschichte und das Potenzial.\n<br>\nIch sorge daf\u00fcr, dass dein Profil es zeigt.\t\t\t\t\t\t\t\t<\/div>\n\t\t\t\t\t<\/div>\n\t\t\t\t<\/div>\n\t\t\t\t<section class=\"elementor-section elementor-top-section elementor-element elementor-element-aa73477 elementor-section-full_width elementor-section-height-default elementor-section-height-default\" data-id=\"aa73477\" data-element_type=\"section\">\n\t\t\t\t\t\t<div class=\"elementor-container elementor-column-gap-default\">\n\t\t\t\t\t<div class=\"elementor-column elementor-col-100 elementor-top-column elementor-element elementor-element-176b318\" data-id=\"176b318\" data-element_type=\"column\">\n\t\t\t<div class=\"elementor-widget-wrap elementor-element-populated\">\n\t\t\t\t\t\t<div class=\"elementor-element elementor-element-ed6e62a elementor-widget elementor-widget-tx_cta elh-el tx_cta\" data-id=\"ed6e62a\" data-element_type=\"widget\" data-settings=\"{&quot;design_style&quot;:&quot;style_5&quot;}\" data-widget_type=\"tx_cta.default\">\n\t\t\t\t<div class=\"elementor-widget-container\">\n\t\t\t\t\t<div class=\"pf-contact-3-area pt-145 tx-section\">\r\n    <div class=\"container pf-container-1\">\r\n        <div class=\"pf-contact-3-wrap\">\r\n            <div class=\"pf-contact-3-content\">\r\n                <h4 class=\"tx-title pf-sec-title-3 pf-contact-3-sec-title pf-split-2\"><span class=\"has-clr-gray\">Bereit, dein Match zu finden<\/span> Teile jetzt deine Daten mit uns!<\/h4>\r\n                <div class=\"pf-contact-3-img-wrap wa-p-relative\">\r\n                                        <img decoding=\"async\" class=\"bg-shape\" src=\"https:\/\/magnetiqprofile.com\/wp-content\/uploads\/2025\/10\/h3-shape-2-1.webp\"\r\n                    alt=\"h3-Form-2 (1)\">\r\n                    \r\n                    <div class=\"pf-contact-3-img\">\r\n                                                <img decoding=\"async\" class=\"img-1\" src=\"https:\/\/magnetiqprofile.com\/wp-content\/uploads\/2025\/09\/contact.png\"\r\n                        alt=\"Kontakt\">\r\n                        \r\n                                                <img decoding=\"async\" class=\"img-2\" src=\"https:\/\/magnetiqprofile.com\/wp-content\/uploads\/2025\/10\/h3-shape-1-1.webp\"\r\n                        alt=\"h3-Form-1 (1)\">\r\n                                            <\/div>\r\n\r\n                    <div class=\"pf-contact-3-img-sig\">\r\n                                                <img decoding=\"async\" class=\"sig-img\" src=\"https:\/\/magnetiqprofile.com\/wp-content\/uploads\/2024\/11\/h3-signature.webp\"\r\n                        alt=\"h3-Unterschrift\">\r\n                        \r\n                                            <\/div>\r\n                <\/div>\r\n\r\n            <\/div>\r\n\r\n            <!-- right-form -->\r\n            <div class=\"pf-contact-3-form wow fadeInUp\">\r\n                <div class=\"pf-form-1\">\r\n                                        <h5 class=\"pf-form-1-title pf-h-1 tx-subTitle\">Wobei k\u00f6nnen wir dir helfen?<\/h5>\r\n                    \r\n                                        <div class=\"tx-contact-form\">\r\n                        \n<div class=\"wpcf7 no-js\" id=\"wpcf7-f4489-o1\" lang=\"en-US\" dir=\"ltr\" data-wpcf7-id=\"4489\">\n<div class=\"screen-reader-response\"><p role=\"status\" aria-live=\"polite\" aria-atomic=\"true\"><\/p> <ul><\/ul><\/div>\n<form action=\"\/de\/wp-json\/wp\/v2\/pages\/38#wpcf7-f4489-o1\" method=\"post\" class=\"wpcf7-form init\" aria-label=\"Contact form\" novalidate=\"novalidate\" data-status=\"init\" data-trp-original-action=\"\/de\/wp-json\/wp\/v2\/pages\/38#wpcf7-f4489-o1\">\n<fieldset class=\"hidden-fields-container\"><input type=\"hidden\" name=\"_wpcf7\" value=\"4489\" \/><input type=\"hidden\" name=\"_wpcf7_version\" value=\"6.1.4\" \/><input type=\"hidden\" name=\"_wpcf7_locale\" value=\"en_US\" \/><input type=\"hidden\" name=\"_wpcf7_unit_tag\" value=\"wpcf7-f4489-o1\" \/><input type=\"hidden\" name=\"_wpcf7_container_post\" value=\"0\" \/><input type=\"hidden\" name=\"_wpcf7_posted_data_hash\" value=\"\" \/>\n<\/fieldset>\n<div class= \"container-box-contact\">\n<div class=\"pf-form-1-box\">\n    <label class=\"pf-form-1-label\">Service ausw\u00e4hlen<\/label>\n   <span class=\"wpcf7-form-control-wrap\" data-name=\"checkbox-254\"><span class=\"wpcf7-form-control wpcf7-checkbox wpcf7-validates-as-required\"><span class=\"wpcf7-list-item first\"><label><input type=\"checkbox\" name=\"checkbox-254[]\" value=\"Profile Writing\" \/><span class=\"wpcf7-list-item-label\">Profilerstellung<\/span><\/label><\/span><span class=\"wpcf7-list-item\"><label><input type=\"checkbox\" name=\"checkbox-254[]\" value=\"Photo Selection\" \/><span class=\"wpcf7-list-item-label\">Fotoauswahl<\/span><\/label><\/span><span class=\"wpcf7-list-item\"><label><input type=\"checkbox\" name=\"checkbox-254[]\" value=\"App Guidance\" \/><span class=\"wpcf7-list-item-label\">App-Beratung<\/span><\/label><\/span><span class=\"wpcf7-list-item\"><label><input type=\"checkbox\" name=\"checkbox-254[]\" value=\"Bio Improvement\" \/><span class=\"wpcf7-list-item-label\">Bio-Optimierung<\/span><\/label><\/span><span class=\"wpcf7-list-item\"><label><input type=\"checkbox\" name=\"checkbox-254[]\" value=\"Profile Makeovers\" \/><span class=\"wpcf7-list-item-label\">Profil-Makeover<\/span><\/label><\/span><span class=\"wpcf7-list-item last\"><label><input type=\"checkbox\" name=\"checkbox-254[]\" value=\"Match Strategy\" \/><span class=\"wpcf7-list-item-label\">Match-Strategie<\/span><\/label><\/span><\/span><\/span>\n\n<\/div>\n<div class=\"pf-form-1-box\">\n    <label class=\"pf-form-1-label\" for=\"fullname\">Name<\/label>\n    <span class=\"wpcf7-form-control-wrap\" data-name=\"text-613\"><input size=\"40\" maxlength=\"400\" class=\"wpcf7-form-control wpcf7-text wpcf7-validates-as-required pf-form-1-input\" autocomplete=\"name\" aria-required=\"true\" aria-invalid=\"false\" placeholder=\"\" value=\"\" type=\"text\" name=\"text-613\" \/><\/span>\n<\/div>\n\n<div class=\"pf-form-1-box\">\n    <label class=\"pf-form-1-label\" for=\"tel\">Telefon<\/label>\n    <span class=\"wpcf7-form-control-wrap\" data-name=\"tel-613\"><input size=\"40\" maxlength=\"400\" class=\"wpcf7-form-control wpcf7-tel wpcf7-validates-as-required wpcf7-text wpcf7-validates-as-tel pf-form-1-input\" autocomplete=\"tel\" aria-required=\"true\" aria-invalid=\"false\" placeholder=\"\" value=\"\" type=\"tel\" name=\"tel-613\" \/><\/span>\n<\/div>\n\n<div class=\"pf-form-1-box\">\n    <label class=\"pf-form-1-label\" for=\"gmail\">E-Mail<\/label>\n    <span class=\"wpcf7-form-control-wrap\" data-name=\"email-613\"><input size=\"40\" maxlength=\"400\" class=\"wpcf7-form-control wpcf7-email wpcf7-validates-as-required wpcf7-text wpcf7-validates-as-email pf-form-1-input\" autocomplete=\"email\" aria-required=\"true\" aria-invalid=\"false\" placeholder=\"\" value=\"\" type=\"email\" name=\"email-613\" \/><\/span>\n<\/div>\n\n<div class=\"pf-form-1-box\">\n    <label class=\"pf-form-1-label\" for=\"message\">Nachricht<\/label>\n    <span class=\"wpcf7-form-control-wrap\" data-name=\"textarea-481\"><textarea cols=\"40\" rows=\"10\" maxlength=\"2000\" class=\"wpcf7-form-control wpcf7-textarea wpcf7-validates-as-required pf-form-1-input\" aria-required=\"true\" aria-invalid=\"false\" placeholder=\"\" name=\"textarea-481\"><\/textarea><\/span>\n<\/div>\n\n<div class=\"pf-form-1-box fix txxaslideup\">\n    <div class=\"txxaslideup-item pf-cube-1\">\n        <input class=\"wpcf7-form-control wpcf7-submit has-spinner pf-pr-3 has-bg-fill\" type=\"submit\" value=\"Nachricht senden\" \/>\n    <\/div>\n<\/div>\n<\/div><div class=\"wpcf7-response-output\" aria-hidden=\"true\"><\/div>\n<input type=\"hidden\" name=\"trp-form-language\" value=\"de\"\/><\/form>\n<\/div>\n                    <\/div>\r\n                                    <\/div>\r\n            <\/div>\r\n        <\/div>\r\n    <\/div>\r\n<\/div>\t\t\t\t<\/div>\n\t\t\t\t<\/div>\n\t\t\t\t\t<\/div>\n\t\t<\/div>\n\t\t\t\t\t<\/div>\n\t\t<\/section>\n\t\t\t\t<\/div>","protected":false},"excerpt":{"rendered":"<p>A Better Profile Means Better Matches, Simple! Modern dating is confusing, competitive, and often frustrating. Most men don\u2019t know what women actually look for or how to show themselves in a way that feels confident and natural. That\u2019s where we come in. MagnetiqProfile was created to give men real, honest, expert help with their dating [&hellip;]<\/p>","protected":false},"author":1,"featured_media":0,"parent":0,"menu_order":0,"comment_status":"closed","ping_status":"closed","template":"elementor_header_footer","meta":{"inline_featured_image":false,"footnotes":""},"class_list":["post-38","page","type-page","status-publish","hentry"],"_hostinger_reach_plugin_has_subscription_block":false,"_hostinger_reach_plugin_is_elementor":false,"_links":{"self":[{"href":"https:\/\/magnetiqprofile.com\/de\/wp-json\/wp\/v2\/pages\/38","targetHints":{"allow":["GET"]}}],"collection":[{"href":"https:\/\/magnetiqprofile.com\/de\/wp-json\/wp\/v2\/pages"}],"about":[{"href":"https:\/\/magnetiqprofile.com\/de\/wp-json\/wp\/v2\/types\/page"}],"author":[{"embeddable":true,"href":"https:\/\/magnetiqprofile.com\/de\/wp-json\/wp\/v2\/users\/1"}],"replies":[{"embeddable":true,"href":"https:\/\/magnetiqprofile.com\/de\/wp-json\/wp\/v2\/comments?post=38"}],"version-history":[{"count":64,"href":"https:\/\/magnetiqprofile.com\/de\/wp-json\/wp\/v2\/pages\/38\/revisions"}],"predecessor-version":[{"id":9568,"href":"https:\/\/magnetiqprofile.com\/de\/wp-json\/wp\/v2\/pages\/38\/revisions\/9568"}],"wp:attachment":[{"href":"https:\/\/magnetiqprofile.com\/de\/wp-json\/wp\/v2\/media?parent=38"}],"curies":[{"name":"wp","href":"https:\/\/api.w.org\/{rel}","templated":true}]}}